{"id":1804,"date":"2023-07-07T12:58:21","date_gmt":"2023-07-07T10:58:21","guid":{"rendered":"https:\/\/gconsultingcompliance.com\/politica-de-privacidad\/"},"modified":"2025-02-19T15:36:01","modified_gmt":"2025-02-19T14:36:01","slug":"privacy-policy","status":"publish","type":"page","link":"https:\/\/gconsultingcompliance.com\/en\/privacy-policy\/","title":{"rendered":"Privacy Policy"},"content":{"rendered":"\t\t<div data-elementor-type=\"wp-page\" data-elementor-id=\"1804\" class=\"elementor elementor-1804 elementor-202\" data-elementor-post-type=\"page\">\n\t\t\t\t\t\t<section class=\"elementor-section elementor-top-section elementor-element elementor-element-43119fa elementor-section-boxed elementor-section-height-default elementor-section-height-default\" data-id=\"43119fa\" data-element_type=\"section\">\n\t\t\t\t\t\t<div class=\"elementor-container elementor-column-gap-default\">\n\t\t\t\t\t<div class=\"elementor-column elementor-col-100 elementor-top-column elementor-element elementor-element-965c278\" data-id=\"965c278\" data-element_type=\"column\">\n\t\t\t<div class=\"elementor-widget-wrap elementor-element-populated\">\n\t\t\t\t\t\t<div class=\"elementor-element elementor-element-1ffdae5 elementor-widget__width-initial elementor-widget elementor-widget-text-editor\" data-id=\"1ffdae5\" data-element_type=\"widget\" data-widget_type=\"text-editor.default\">\n\t\t\t\t<div class=\"elementor-widget-container\">\n\t\t\t\t\t\t\t\t\t<p>Estimado Usuario,<br \/>La privacidad de sus datos personales constituye un objetivo prioritario de nuestra pol\u00edtica corporativa. La organizaci\u00f3n es consciente de que operamos en un entorno\u00a0 lobalizado por lo que consideramos necesario manifestarles nuestra conformidad y adhesi\u00f3n a los Est\u00e1ndares de Internacionales para la Protecci\u00f3n de la Privacidad propuestos por la 31\u00aa Conferencia Internacional de Autoridades de Protecci\u00f3n de Datos y Privacidad, como son: Legalidad, lealtad, legitimidad, proporcionalidad, calidad, transparencia y responsabilidad.<\/p><p>De inicio, todo ello nos exige informarle sobre lo siguiente:<\/p><p>La existencia de ficheros de datos de car\u00e1cter personal donde constan los datos de las personas que contactan con nuestra organizaci\u00f3n, creados con la finalidad de gestionar y mantener el contacto con las mismas, y cuya titularidad y responsabilidad sobre su tratamiento la ostenta <b>SINGLAR INNOVACI\u00d3N SOCIEDAD LIMITADA<\/b> (en lo sucesivo \u201cla entidad\u201d).<\/p><p>La existencia de ficheros de datos de car\u00e1cter personal donde constan los datos de los usuarios de la plataforma y aplicaci\u00f3n web, creados con la finalidad de gestionar su acceso y uso, y cuya titularidad y responsabilidad sobre su tratamiento la ostenta la entidad.<\/p><p>Los datos personales que nos proporcione durante la navegaci\u00f3n y\/o uso de las opciones y utilidades de la que dispone la aplicaci\u00f3n web podr\u00e1n ser incorporados a los precitados ficheros, cuya creaci\u00f3n ha sido debidamente notificada ante la Agencia Espa\u00f1ola de Protecci\u00f3n de Datos, con la finalidad de atender su solicitud y de posibilitar la gesti\u00f3n de la relaci\u00f3n y contacto con Usted.<\/p><p>Por todo ello, entendemos que contamos ya con su consentimiento para ello desde el momento en que nos proporcione sus datos personales v\u00eda telef\u00f3nica, electr\u00f3nica o postal, as\u00ed como para el registro y tratamiento de los mismos y el env\u00edo\/recepci\u00f3n de comunicaciones informativas, promocionales o comerciales por parte de la entidad, en respuesta a su solicitud.<\/p><p>El usuario dispone de informaci\u00f3n detallada sobre el tratamiento, finalidad y uso de sus datos y, en general, de todas las menciones requeridas por la legislaci\u00f3n aplicable en materia de protecci\u00f3n de datos de car\u00e1cter personal, en los distintos formularios puestos a su disposici\u00f3n en esta plataforma web en los que se recaben datos de car\u00e1cter personal. Las respuestas a las preguntas sobre datos personales que pueda encontrarse en dichos documentos y que se hallen se\u00f1aladas con un asterisco (*) son obligatorias y su falta de contestaci\u00f3n supondr\u00e1 la imposibilidad de continuar y acceder a la opci\u00f3n de registro, inscripci\u00f3n o servicio ofrecido.<\/p><p>Los datos personales que nos pueda facilitar para la formalizaci\u00f3n de los registros, inscripciones, comunicaciones, formularios, acuerdos y contratos contenidos en la presente web ser\u00e1n igualmente incorporados a los precitados ficheros.<\/p><p>El consentimiento otorgado por el usuario para el tratamiento de sus datos personales es revocable. En cualquier momento, el usuario podr\u00e1 ejercer, respecto de sus datos, los derechos de acceso, rectificaci\u00f3n, cancelaci\u00f3n y, en caso, oposici\u00f3n mediante el env\u00edo de su solicitud escrita junto con una fotocopia de su Documento Nacional de Identidad\/Pasaporte o cualquier otro documento equivalente que acredite su identidad, a la direcci\u00f3n: C\/ Gustave Eiffel, n\u00ba 3 CP 46980 Paterna &#8211; Valencia (Spain). Si desea m\u00e1s informaci\u00f3n al respecto o no desea recibir nuevos correos electr\u00f3nicos puede comunicarlo en la siguiente direcci\u00f3n: comercial@gconsultingcompliance.com. La entidad no podr\u00e1 hacer efectivo el derecho de cancelaci\u00f3n respecto a aquellos datos que la legislaci\u00f3n vigente obligue a conservar. Sin embargo, se aplicar\u00e1n las correspondientes medidas de bloqueo de los datos para evitar su aplicaci\u00f3n a finalidades distintas de las establecidas en la normativa que exige su conservaci\u00f3n.<\/p><p>Los datos facilitados por el usuario podr\u00e1n ser tratados por terceros para posibilitar la gesti\u00f3n administrativa, operativa, t\u00e9cnica, inform\u00e1tica, comercial, econ\u00f3mica y fiscal de la entidad. Igualmente, le informamos que los servicios de conexi\u00f3n a Internet, descargas y comunicaciones telef\u00f3nicas\/electr\u00f3nicas conllevan, inevitablemente, operaciones y procedimientos t\u00e9cnicos automatizados de interconexi\u00f3n, tr\u00e1nsito y almacenamiento, as\u00ed como comunicaciones, transferencias e interconexiones con terceros, especialmente con plataformas, redes y operadores, por lo que si no est\u00e1 conforme con todo ello, le rogamos que no use esta aplicaci\u00f3n y se abstenga de utilizar los servicios asociados a la misma.<\/p><p>La entidad se compromete al cumplimiento de su obligaci\u00f3n de confidencialidad y secreto de los datos de car\u00e1cter personal y de su deber de guardarlos, y adoptar\u00e1 las medidas de seguridad exigidas por la legislaci\u00f3n vigente en cada momento que permitan razonablemente asegurar su protecci\u00f3n y evitar su alteraci\u00f3n, p\u00e9rdida, tratamiento o acceso no autorizado, habida cuenta en todo momento del estado de la tecnolog\u00eda. No obstante, La entidad no puede garantizar plenamente la invulnerabilidad absoluta de sus sistemas de seguridad o de terceros, puesto que ninguna medida de seguridad que se instale en la actualidad es absolutamente inquebrantable, por lo que la entidad no ser\u00e1 responsable en ning\u00fan caso de las incidencias que puedan surgir en torno a los datos personales cuando se deriven de un ataque o acceso no autorizado a sus sistemas de tal forma que sea imposible detectarlo por los sistemas de seguridad implantados.<\/p><p>Los usuarios se comprometen a mantener los datos proporcionados a la entidad debidamente actualizados, siendo responsables de los da\u00f1os y perjuicios que la entidad y\/o terceros pudieran sufrir como consecuencia de la falta de veracidad, inexactitud, falta de vigencia y autenticidad de los datos facilitados.<\/p><p>La web puede contener enlaces o referencias a otros sitios web que no est\u00e1n bajo nuestro control y en las que, por lo tanto, no es aplicable la presente pol\u00edtica de protecci\u00f3n de datos. Le aconsejamos leer las indicaciones que al respecto contenga cada p\u00e1gina web que visite. Usted pasar\u00e1 a ser el \u00fanico responsable de sus conexiones con tales p\u00e1ginas.<\/p><p>La presente pol\u00edtica de privacidad podr\u00e1 ser modificada en cualquier momento por la entidad, especialmente para adecuarla a la legislaci\u00f3n vigente, c\u00f3digos corporativos o de conducta a los que se halle adherida e instrucciones de la Agencia Espa\u00f1ola de Protecci\u00f3n de Datos, por lo que la entidad recomienda a los usuarios la consulta peri\u00f3dica de la misma al objeto de conocer las modificaciones en la misma, sin perjuicio de la inclusi\u00f3n de nota informativa de todo ello en esta p\u00e1gina web.<\/p><p><b>IMPORTANTE<\/b>: En caso de que existieren diferencias o contradicciones entre las versiones de la web publicadas en espa\u00f1ol, ingl\u00e9s y valenciano, prevalecer\u00e1 en todo caso la versi\u00f3n espa\u00f1ola.<\/p><p>De conformidad con lo exigido por la legislaci\u00f3n espa\u00f1ola vigente sobre Sociedad de la Informaci\u00f3n y Comercio Electr\u00f3nico, se informa a los usuarios de los datos sociales, fiscales y registrales de la entidad:<\/p><ul><li><strong>Domicilio Social:<\/strong> C\/Poeta Querol, n\u00ba 1, Puerta 4, CP 46002 Paterna &#8211; Valencia (Spain)<\/li><li><strong>Oficinas Paterna:\u00a0<\/strong>C\/Gustave Eiffel, n\u00ba 3 CP 46980 Paterna &#8211; Valencia (Spain)<\/li><li><strong>Oficinas Madrid:\u00a0<\/strong>C\/Esteban Terradas, n\u00ba 6 Oficina 8 &#8211; 2\u00aa planta CP 28914 Legan\u00e9s &#8211; Madrid (Spain)<\/li><li><strong>Datos Registrales:\u00a0<\/strong>Inscrita en el Registro de Cooperativas de la Comunidad Valenciana. N\u00famero 144. Tomo 10242 Libro 7524 Folio 20 Hoja V-174860 Inscripci\u00f3n 1\u00ba C\u00f3digo de Identificaci\u00f3n Fiscal (C.I.F.)B-98891286<\/li><li><strong>Direcci\u00f3n Postal:\u00a0<\/strong>C\/ Gustave Eiffel, n\u00ba 3 CP 46980 Paterna &#8211; Valencia (Spain)<\/li><li><strong>Servicio de Atenci\u00f3n al Usuario (SAU)<\/strong><b>:<\/b><strong>\u00a0<\/strong>comercial@gconsultingcompliance.com<\/li><li><strong>Correo electronico:\u00a0<\/strong>comercial@singlarinnovacion.com<\/li><li><strong>Tel\u00e9fono:\u00a0<\/strong>960 500 631\u00a0<\/li><\/ul>\t\t\t\t\t\t\t\t<\/div>\n\t\t\t\t<\/div>\n\t\t\t\t\t<\/div>\n\t\t<\/div>\n\t\t\t\t\t<\/div>\n\t\t<\/section>\n\t\t\t\t<\/div>\n\t\t","protected":false},"excerpt":{"rendered":"<p>Estimado Usuario, La privacidad de sus datos personales constituye un objetivo prioritario de nuestra pol\u00edtica corporativa. La organizaci\u00f3n es consciente de que operamos en un entorno\u00a0 lobalizado por lo que consideramos necesario manifestarles nuestra conformidad y adhesi\u00f3n a los Est\u00e1ndares de Internacionales para la Protecci\u00f3n de la Privacidad propuestos por la 31\u00aa Conferencia Internacional de [&hellip;]<\/p>\n","protected":false},"author":2,"featured_media":0,"parent":0,"menu_order":0,"comment_status":"closed","ping_status":"closed","template":"elementor_header_footer","meta":{"inline_featured_image":false,"footnotes":""},"class_list":["post-1804","page","type-page","status-publish","hentry"],"yoast_head":"<!-- This site is optimized with the Yoast SEO plugin v24.5 - https:\/\/yoast.com\/wordpress\/plugins\/seo\/ -->\n<title>Privacy Policy - GConsulting Compliance<\/title>\n<meta name=\"robots\" content=\"index, follow, max-snippet:-1, max-image-preview:large, max-video-preview:-1\" \/>\n<link rel=\"canonical\" href=\"https:\/\/gconsultingcompliance.com\/en\/privacy-policy\/\" \/>\n<meta property=\"og:locale\" content=\"en_US\" \/>\n<meta property=\"og:type\" content=\"article\" \/>\n<meta property=\"og:title\" content=\"Privacy Policy - GConsulting Compliance\" \/>\n<meta property=\"og:description\" content=\"Estimado Usuario, La privacidad de sus datos personales constituye un objetivo prioritario de nuestra pol\u00edtica corporativa. La organizaci\u00f3n es consciente de que operamos en un entorno\u00a0 lobalizado por lo que consideramos necesario manifestarles nuestra conformidad y adhesi\u00f3n a los Est\u00e1ndares de Internacionales para la Protecci\u00f3n de la Privacidad propuestos por la 31\u00aa Conferencia Internacional de [&hellip;]\" \/>\n<meta property=\"og:url\" content=\"https:\/\/gconsultingcompliance.com\/en\/privacy-policy\/\" \/>\n<meta property=\"og:site_name\" content=\"GConsulting Compliance\" \/>\n<meta property=\"article:modified_time\" content=\"2025-02-19T14:36:01+00:00\" \/>\n<meta name=\"twitter:card\" content=\"summary_large_image\" \/>\n<meta name=\"twitter:label1\" content=\"Est. reading time\" \/>\n\t<meta name=\"twitter:data1\" content=\"6 minutes\" \/>\n<script type=\"application\/ld+json\" class=\"yoast-schema-graph\">{\"@context\":\"https:\/\/schema.org\",\"@graph\":[{\"@type\":\"WebPage\",\"@id\":\"https:\/\/gconsultingcompliance.com\/en\/privacy-policy\/\",\"url\":\"https:\/\/gconsultingcompliance.com\/en\/privacy-policy\/\",\"name\":\"Privacy Policy - GConsulting Compliance\",\"isPartOf\":{\"@id\":\"https:\/\/gconsultingcompliance.com\/#website\"},\"datePublished\":\"2023-07-07T10:58:21+00:00\",\"dateModified\":\"2025-02-19T14:36:01+00:00\",\"breadcrumb\":{\"@id\":\"https:\/\/gconsultingcompliance.com\/en\/privacy-policy\/#breadcrumb\"},\"inLanguage\":\"en-US\",\"potentialAction\":[{\"@type\":\"ReadAction\",\"target\":[\"https:\/\/gconsultingcompliance.com\/en\/privacy-policy\/\"]}]},{\"@type\":\"BreadcrumbList\",\"@id\":\"https:\/\/gconsultingcompliance.com\/en\/privacy-policy\/#breadcrumb\",\"itemListElement\":[{\"@type\":\"ListItem\",\"position\":1,\"name\":\"Portada\",\"item\":\"https:\/\/gconsultingcompliance.com\/en\/\"},{\"@type\":\"ListItem\",\"position\":2,\"name\":\"Privacy Policy\"}]},{\"@type\":\"WebSite\",\"@id\":\"https:\/\/gconsultingcompliance.com\/#website\",\"url\":\"https:\/\/gconsultingcompliance.com\/\",\"name\":\"GConsulting Compliance\",\"description\":\"Aplicaci\u00f3n de gesti\u00f3n de normativas como RGPD, ENS o ISO 27001, gestionando el Plan Director.\",\"publisher\":{\"@id\":\"https:\/\/gconsultingcompliance.com\/#organization\"},\"potentialAction\":[{\"@type\":\"SearchAction\",\"target\":{\"@type\":\"EntryPoint\",\"urlTemplate\":\"https:\/\/gconsultingcompliance.com\/?s={search_term_string}\"},\"query-input\":{\"@type\":\"PropertyValueSpecification\",\"valueRequired\":true,\"valueName\":\"search_term_string\"}}],\"inLanguage\":\"en-US\"},{\"@type\":\"Organization\",\"@id\":\"https:\/\/gconsultingcompliance.com\/#organization\",\"name\":\"Singlar Innovaci\u00f3n\",\"url\":\"https:\/\/gconsultingcompliance.com\/\",\"logo\":{\"@type\":\"ImageObject\",\"inLanguage\":\"en-US\",\"@id\":\"https:\/\/gconsultingcompliance.com\/#\/schema\/logo\/image\/\",\"url\":\"https:\/\/gconsultingcompliance.com\/wp-content\/uploads\/2023\/07\/Vector.png\",\"contentUrl\":\"https:\/\/gconsultingcompliance.com\/wp-content\/uploads\/2023\/07\/Vector.png\",\"width\":1092,\"height\":239,\"caption\":\"Singlar Innovaci\u00f3n\"},\"image\":{\"@id\":\"https:\/\/gconsultingcompliance.com\/#\/schema\/logo\/image\/\"}}]}<\/script>\n<!-- \/ Yoast SEO plugin. -->","yoast_head_json":{"title":"Privacy Policy - GConsulting Compliance","robots":{"index":"index","follow":"follow","max-snippet":"max-snippet:-1","max-image-preview":"max-image-preview:large","max-video-preview":"max-video-preview:-1"},"canonical":"https:\/\/gconsultingcompliance.com\/en\/privacy-policy\/","og_locale":"en_US","og_type":"article","og_title":"Privacy Policy - GConsulting Compliance","og_description":"Estimado Usuario, La privacidad de sus datos personales constituye un objetivo prioritario de nuestra pol\u00edtica corporativa. La organizaci\u00f3n es consciente de que operamos en un entorno\u00a0 lobalizado por lo que consideramos necesario manifestarles nuestra conformidad y adhesi\u00f3n a los Est\u00e1ndares de Internacionales para la Protecci\u00f3n de la Privacidad propuestos por la 31\u00aa Conferencia Internacional de [&hellip;]","og_url":"https:\/\/gconsultingcompliance.com\/en\/privacy-policy\/","og_site_name":"GConsulting Compliance","article_modified_time":"2025-02-19T14:36:01+00:00","twitter_card":"summary_large_image","twitter_misc":{"Est. reading time":"6 minutes"},"schema":{"@context":"https:\/\/schema.org","@graph":[{"@type":"WebPage","@id":"https:\/\/gconsultingcompliance.com\/en\/privacy-policy\/","url":"https:\/\/gconsultingcompliance.com\/en\/privacy-policy\/","name":"Privacy Policy - GConsulting Compliance","isPartOf":{"@id":"https:\/\/gconsultingcompliance.com\/#website"},"datePublished":"2023-07-07T10:58:21+00:00","dateModified":"2025-02-19T14:36:01+00:00","breadcrumb":{"@id":"https:\/\/gconsultingcompliance.com\/en\/privacy-policy\/#breadcrumb"},"inLanguage":"en-US","potentialAction":[{"@type":"ReadAction","target":["https:\/\/gconsultingcompliance.com\/en\/privacy-policy\/"]}]},{"@type":"BreadcrumbList","@id":"https:\/\/gconsultingcompliance.com\/en\/privacy-policy\/#breadcrumb","itemListElement":[{"@type":"ListItem","position":1,"name":"Portada","item":"https:\/\/gconsultingcompliance.com\/en\/"},{"@type":"ListItem","position":2,"name":"Privacy Policy"}]},{"@type":"WebSite","@id":"https:\/\/gconsultingcompliance.com\/#website","url":"https:\/\/gconsultingcompliance.com\/","name":"GConsulting Compliance","description":"Aplicaci\u00f3n de gesti\u00f3n de normativas como RGPD, ENS o ISO 27001, gestionando el Plan Director.","publisher":{"@id":"https:\/\/gconsultingcompliance.com\/#organization"},"potentialAction":[{"@type":"SearchAction","target":{"@type":"EntryPoint","urlTemplate":"https:\/\/gconsultingcompliance.com\/?s={search_term_string}"},"query-input":{"@type":"PropertyValueSpecification","valueRequired":true,"valueName":"search_term_string"}}],"inLanguage":"en-US"},{"@type":"Organization","@id":"https:\/\/gconsultingcompliance.com\/#organization","name":"Singlar Innovaci\u00f3n","url":"https:\/\/gconsultingcompliance.com\/","logo":{"@type":"ImageObject","inLanguage":"en-US","@id":"https:\/\/gconsultingcompliance.com\/#\/schema\/logo\/image\/","url":"https:\/\/gconsultingcompliance.com\/wp-content\/uploads\/2023\/07\/Vector.png","contentUrl":"https:\/\/gconsultingcompliance.com\/wp-content\/uploads\/2023\/07\/Vector.png","width":1092,"height":239,"caption":"Singlar Innovaci\u00f3n"},"image":{"@id":"https:\/\/gconsultingcompliance.com\/#\/schema\/logo\/image\/"}}]}},"_links":{"self":[{"href":"https:\/\/gconsultingcompliance.com\/en\/wp-json\/wp\/v2\/pages\/1804","targetHints":{"allow":["GET"]}}],"collection":[{"href":"https:\/\/gconsultingcompliance.com\/en\/wp-json\/wp\/v2\/pages"}],"about":[{"href":"https:\/\/gconsultingcompliance.com\/en\/wp-json\/wp\/v2\/types\/page"}],"author":[{"embeddable":true,"href":"https:\/\/gconsultingcompliance.com\/en\/wp-json\/wp\/v2\/users\/2"}],"replies":[{"embeddable":true,"href":"https:\/\/gconsultingcompliance.com\/en\/wp-json\/wp\/v2\/comments?post=1804"}],"version-history":[{"count":1,"href":"https:\/\/gconsultingcompliance.com\/en\/wp-json\/wp\/v2\/pages\/1804\/revisions"}],"predecessor-version":[{"id":1805,"href":"https:\/\/gconsultingcompliance.com\/en\/wp-json\/wp\/v2\/pages\/1804\/revisions\/1805"}],"wp:attachment":[{"href":"https:\/\/gconsultingcompliance.com\/en\/wp-json\/wp\/v2\/media?parent=1804"}],"curies":[{"name":"wp","href":"https:\/\/api.w.org\/{rel}","templated":true}]}}