{"id":1803,"date":"2023-07-07T12:57:34","date_gmt":"2023-07-07T10:57:34","guid":{"rendered":"https:\/\/gconsultingcompliance.com\/aviso-legal\/"},"modified":"2025-02-19T15:57:14","modified_gmt":"2025-02-19T14:57:14","slug":"legal-notice","status":"publish","type":"page","link":"https:\/\/gconsultingcompliance.com\/en\/legal-notice\/","title":{"rendered":"Legal notice"},"content":{"rendered":"\t\t<div data-elementor-type=\"wp-page\" data-elementor-id=\"1803\" class=\"elementor elementor-1803 elementor-198\" data-elementor-post-type=\"page\">\n\t\t\t\t\t\t<section class=\"elementor-section elementor-top-section elementor-element elementor-element-ca41692 elementor-section-boxed elementor-section-height-default elementor-section-height-default\" data-id=\"ca41692\" data-element_type=\"section\">\n\t\t\t\t\t\t<div class=\"elementor-container elementor-column-gap-default\">\n\t\t\t\t\t<div class=\"elementor-column elementor-col-100 elementor-top-column elementor-element elementor-element-814e3df\" data-id=\"814e3df\" data-element_type=\"column\">\n\t\t\t<div class=\"elementor-widget-wrap elementor-element-populated\">\n\t\t\t\t\t\t<section class=\"elementor-section elementor-inner-section elementor-element elementor-element-bbf0224 elementor-section-boxed elementor-section-height-default elementor-section-height-default\" data-id=\"bbf0224\" data-element_type=\"section\">\n\t\t\t\t\t\t<div class=\"elementor-container elementor-column-gap-default\">\n\t\t\t\t\t<div class=\"elementor-column elementor-col-50 elementor-inner-column elementor-element elementor-element-10b288d\" data-id=\"10b288d\" data-element_type=\"column\">\n\t\t\t<div class=\"elementor-widget-wrap elementor-element-populated\">\n\t\t\t\t\t\t<div class=\"elementor-element elementor-element-5b93017 elementor-widget__width-initial elementor-widget elementor-widget-text-editor\" data-id=\"5b93017\" data-element_type=\"widget\" data-widget_type=\"text-editor.default\">\n\t\t\t\t<div class=\"elementor-widget-container\">\n\t\t\t\t\t\t\t\t\t<p>SINGLAR INNOVACI\u00d3N SOCIEDAD LIMITADA (en lo sucesivo SINGLAR INNOVACI\u00d3N), es titular de las marcas SINGLAR\u00ae y GECONSULTING COMPLIANCE\u00ae, de los dominios www.singlarinnovacion.com, www.gconsulting.com, de las aplicaciones y p\u00e1ginas web publicadas y alojadas bajo dichos dominios y de los elementos distintivos, dise\u00f1os, desarrollos, gr\u00e1ficos, herramientas, funcionalidades, manuales y documentaci\u00f3n que las integran. Las p\u00e1ginas web publicadas pretenden poner a disposici\u00f3n de clientes y usuarios informaci\u00f3n sobre su identidad corporativa, actividades, productos y servicios, as\u00ed como poner a disposici\u00f3n de los mismos, determinadas aplicaciones, herramientas y utilidades.<\/p><p>De conformidad con lo exigido por la legislaci\u00f3n espa\u00f1ola vigente sobre Sociedad de la Informaci\u00f3n y Comercio Electr\u00f3nico, se informa a los usuarios de los datos sociales, fiscales y registrales de la entidad:<\/p><ul><li><strong>Domicilio Social:<\/strong> C\/ Poeta Querol, n\u00ba 1, Puerta 4, CP 46002 Paterna &#8211; Valencia (Spain)<\/li><li><strong>Oficinas Paterna:\u00a0<\/strong>C\/ Gustave Eiffel, n\u00ba 3 CP 46980 Paterna &#8211; Valencia (Spain)<\/li><li><strong>Oficinas Madrid:\u00a0<\/strong> C\/ Ram\u00edrez de Arellano, 29, 7\u00aa planta, 23-A, 28043 Madrid<\/li><li><strong>Datos Registrales:\u00a0<\/strong>Inscrita en el Registro de Cooperativas de la Comunidad Valenciana. N\u00famero 144. Tomo 10242 Libro 7524 Folio 20 Hoja V-174860 Inscripci\u00f3n 1\u00ba C\u00f3digo de Identificaci\u00f3n Fiscal (C.I.F.)B-98891286)<\/li><li><strong>Servicio de Atenci\u00f3n al Usuario (SAU):\u00a0<\/strong>comercial@gconsultingcompliance.com<\/li><\/ul>\t\t\t\t\t\t\t\t<\/div>\n\t\t\t\t<\/div>\n\t\t\t\t\t<\/div>\n\t\t<\/div>\n\t\t\t\t<div class=\"elementor-column elementor-col-50 elementor-inner-column elementor-element elementor-element-f4e831c\" data-id=\"f4e831c\" data-element_type=\"column\">\n\t\t\t<div class=\"elementor-widget-wrap elementor-element-populated\">\n\t\t\t\t\t\t<div class=\"elementor-element elementor-element-3858880 elementor-position-left elementor-view-default elementor-mobile-position-top elementor-vertical-align-top elementor-widget elementor-widget-icon-box\" data-id=\"3858880\" data-element_type=\"widget\" data-widget_type=\"icon-box.default\">\n\t\t\t\t<div class=\"elementor-widget-container\">\n\t\t\t\t\t\t\t<div class=\"elementor-icon-box-wrapper\">\n\n\t\t\t\t\t\t<div class=\"elementor-icon-box-icon\">\n\t\t\t\t<span  class=\"elementor-icon\">\n\t\t\t\t<i aria-hidden=\"true\" class=\"far fa-map\"><\/i>\t\t\t\t<\/span>\n\t\t\t<\/div>\n\t\t\t\n\t\t\t\t\t\t<div class=\"elementor-icon-box-content\">\n\n\t\t\t\t\t\t\t\t\t<h4 class=\"elementor-icon-box-title\">\n\t\t\t\t\t\t<span  >\n\t\t\t\t\t\t\tAddress\t\t\t\t\t\t<\/span>\n\t\t\t\t\t<\/h4>\n\t\t\t\t\n\t\t\t\t\t\t\t\t\t<p class=\"elementor-icon-box-description\">\n\t\t\t\t\t\tC\/ Gustave Eiffel, n\u00ba 3 CP 46980 Paterna - Valencia (Spain)\t\t\t\t\t<\/p>\n\t\t\t\t\n\t\t\t<\/div>\n\t\t\t\n\t\t<\/div>\n\t\t\t\t\t\t<\/div>\n\t\t\t\t<\/div>\n\t\t\t\t<div class=\"elementor-element elementor-element-36dc3b5 elementor-position-left elementor-view-default elementor-mobile-position-top elementor-vertical-align-top elementor-widget elementor-widget-icon-box\" data-id=\"36dc3b5\" data-element_type=\"widget\" data-widget_type=\"icon-box.default\">\n\t\t\t\t<div class=\"elementor-widget-container\">\n\t\t\t\t\t\t\t<div class=\"elementor-icon-box-wrapper\">\n\n\t\t\t\t\t\t<div class=\"elementor-icon-box-icon\">\n\t\t\t\t<span  class=\"elementor-icon\">\n\t\t\t\t<i aria-hidden=\"true\" class=\"far fa-comment-alt\"><\/i>\t\t\t\t<\/span>\n\t\t\t<\/div>\n\t\t\t\n\t\t\t\t\t\t<div class=\"elementor-icon-box-content\">\n\n\t\t\t\t\t\t\t\t\t<h4 class=\"elementor-icon-box-title\">\n\t\t\t\t\t\t<span  >\n\t\t\t\t\t\t\tEmail\t\t\t\t\t\t<\/span>\n\t\t\t\t\t<\/h4>\n\t\t\t\t\n\t\t\t\t\t\t\t\t\t<p class=\"elementor-icon-box-description\">\n\t\t\t\t\t\tcomercial@<span style=\"white-space-collapse: collapse;\">gconsultingcompliance.com<\/span>\t\t\t\t\t<\/p>\n\t\t\t\t\n\t\t\t<\/div>\n\t\t\t\n\t\t<\/div>\n\t\t\t\t\t\t<\/div>\n\t\t\t\t<\/div>\n\t\t\t\t<div class=\"elementor-element elementor-element-9696941 elementor-position-left elementor-view-default elementor-mobile-position-top elementor-vertical-align-top elementor-widget elementor-widget-icon-box\" data-id=\"9696941\" data-element_type=\"widget\" data-widget_type=\"icon-box.default\">\n\t\t\t\t<div class=\"elementor-widget-container\">\n\t\t\t\t\t\t\t<div class=\"elementor-icon-box-wrapper\">\n\n\t\t\t\t\t\t<div class=\"elementor-icon-box-icon\">\n\t\t\t\t<span  class=\"elementor-icon\">\n\t\t\t\t<i aria-hidden=\"true\" class=\"fas fa-phone-alt\"><\/i>\t\t\t\t<\/span>\n\t\t\t<\/div>\n\t\t\t\n\t\t\t\t\t\t<div class=\"elementor-icon-box-content\">\n\n\t\t\t\t\t\t\t\t\t<h4 class=\"elementor-icon-box-title\">\n\t\t\t\t\t\t<span  >\n\t\t\t\t\t\t\tPhone\t\t\t\t\t\t<\/span>\n\t\t\t\t\t<\/h4>\n\t\t\t\t\n\t\t\t\t\t\t\t\t\t<p class=\"elementor-icon-box-description\">\n\t\t\t\t\t\t960 500 631\t\t\t\t\t<\/p>\n\t\t\t\t\n\t\t\t<\/div>\n\t\t\t\n\t\t<\/div>\n\t\t\t\t\t\t<\/div>\n\t\t\t\t<\/div>\n\t\t\t\t\t<\/div>\n\t\t<\/div>\n\t\t\t\t\t<\/div>\n\t\t<\/section>\n\t\t\t\t\t<\/div>\n\t\t<\/div>\n\t\t\t\t\t<\/div>\n\t\t<\/section>\n\t\t\t\t<\/div>\n\t\t","protected":false},"excerpt":{"rendered":"<p>SINGLAR INNOVACI\u00d3N SOCIEDAD LIMITADA (en lo sucesivo SINGLAR INNOVACI\u00d3N), es titular de las marcas SINGLAR\u00ae y GECONSULTING COMPLIANCE\u00ae, de los dominios www.singlarinnovacion.com, www.gconsulting.com, de las aplicaciones y p\u00e1ginas web publicadas y alojadas bajo dichos dominios y de los elementos distintivos, dise\u00f1os, desarrollos, gr\u00e1ficos, herramientas, funcionalidades, manuales y documentaci\u00f3n que las integran. Las p\u00e1ginas web publicadas [&hellip;]<\/p>\n","protected":false},"author":2,"featured_media":0,"parent":0,"menu_order":0,"comment_status":"closed","ping_status":"closed","template":"elementor_header_footer","meta":{"inline_featured_image":false,"footnotes":""},"class_list":["post-1803","page","type-page","status-publish","hentry"],"yoast_head":"<!-- This site is optimized with the Yoast SEO plugin v24.5 - https:\/\/yoast.com\/wordpress\/plugins\/seo\/ -->\n<title>Legal notice - GConsulting Compliance<\/title>\n<meta name=\"robots\" content=\"index, follow, max-snippet:-1, max-image-preview:large, max-video-preview:-1\" \/>\n<link rel=\"canonical\" href=\"https:\/\/gconsultingcompliance.com\/aviso-legal\/\" \/>\n<meta property=\"og:locale\" content=\"en_US\" \/>\n<meta property=\"og:type\" content=\"article\" \/>\n<meta property=\"og:title\" content=\"Legal notice - GConsulting Compliance\" \/>\n<meta property=\"og:description\" content=\"SINGLAR INNOVACI\u00d3N SOCIEDAD LIMITADA (en lo sucesivo SINGLAR INNOVACI\u00d3N), es titular de las marcas SINGLAR\u00ae y GECONSULTING COMPLIANCE\u00ae, de los dominios www.singlarinnovacion.com, www.gconsulting.com, de las aplicaciones y p\u00e1ginas web publicadas y alojadas bajo dichos dominios y de los elementos distintivos, dise\u00f1os, desarrollos, gr\u00e1ficos, herramientas, funcionalidades, manuales y documentaci\u00f3n que las integran. Las p\u00e1ginas web publicadas [&hellip;]\" \/>\n<meta property=\"og:url\" content=\"https:\/\/gconsultingcompliance.com\/aviso-legal\/\" \/>\n<meta property=\"og:site_name\" content=\"GConsulting Compliance\" \/>\n<meta property=\"article:modified_time\" content=\"2025-02-19T14:57:14+00:00\" \/>\n<meta name=\"twitter:card\" content=\"summary_large_image\" \/>\n<meta name=\"twitter:label1\" content=\"Est. reading time\" \/>\n\t<meta name=\"twitter:data1\" content=\"1 minute\" \/>\n<script type=\"application\/ld+json\" class=\"yoast-schema-graph\">{\"@context\":\"https:\/\/schema.org\",\"@graph\":[{\"@type\":\"WebPage\",\"@id\":\"https:\/\/gconsultingcompliance.com\/aviso-legal\/\",\"url\":\"https:\/\/gconsultingcompliance.com\/aviso-legal\/\",\"name\":\"Legal notice - GConsulting Compliance\",\"isPartOf\":{\"@id\":\"https:\/\/gconsultingcompliance.com\/#website\"},\"datePublished\":\"2023-07-07T10:57:34+00:00\",\"dateModified\":\"2025-02-19T14:57:14+00:00\",\"breadcrumb\":{\"@id\":\"https:\/\/gconsultingcompliance.com\/aviso-legal\/#breadcrumb\"},\"inLanguage\":\"en-US\",\"potentialAction\":[{\"@type\":\"ReadAction\",\"target\":[\"https:\/\/gconsultingcompliance.com\/aviso-legal\/\"]}]},{\"@type\":\"BreadcrumbList\",\"@id\":\"https:\/\/gconsultingcompliance.com\/aviso-legal\/#breadcrumb\",\"itemListElement\":[{\"@type\":\"ListItem\",\"position\":1,\"name\":\"Portada\",\"item\":\"https:\/\/gconsultingcompliance.com\/en\/\"},{\"@type\":\"ListItem\",\"position\":2,\"name\":\"Legal notice\"}]},{\"@type\":\"WebSite\",\"@id\":\"https:\/\/gconsultingcompliance.com\/#website\",\"url\":\"https:\/\/gconsultingcompliance.com\/\",\"name\":\"GConsulting Compliance\",\"description\":\"Aplicaci\u00f3n de gesti\u00f3n de normativas como RGPD, ENS o ISO 27001, gestionando el Plan Director.\",\"publisher\":{\"@id\":\"https:\/\/gconsultingcompliance.com\/#organization\"},\"potentialAction\":[{\"@type\":\"SearchAction\",\"target\":{\"@type\":\"EntryPoint\",\"urlTemplate\":\"https:\/\/gconsultingcompliance.com\/?s={search_term_string}\"},\"query-input\":{\"@type\":\"PropertyValueSpecification\",\"valueRequired\":true,\"valueName\":\"search_term_string\"}}],\"inLanguage\":\"en-US\"},{\"@type\":\"Organization\",\"@id\":\"https:\/\/gconsultingcompliance.com\/#organization\",\"name\":\"Singlar Innovaci\u00f3n\",\"url\":\"https:\/\/gconsultingcompliance.com\/\",\"logo\":{\"@type\":\"ImageObject\",\"inLanguage\":\"en-US\",\"@id\":\"https:\/\/gconsultingcompliance.com\/#\/schema\/logo\/image\/\",\"url\":\"https:\/\/gconsultingcompliance.com\/wp-content\/uploads\/2023\/07\/Vector.png\",\"contentUrl\":\"https:\/\/gconsultingcompliance.com\/wp-content\/uploads\/2023\/07\/Vector.png\",\"width\":1092,\"height\":239,\"caption\":\"Singlar Innovaci\u00f3n\"},\"image\":{\"@id\":\"https:\/\/gconsultingcompliance.com\/#\/schema\/logo\/image\/\"}}]}<\/script>\n<!-- \/ Yoast SEO plugin. -->","yoast_head_json":{"title":"Legal notice - GConsulting Compliance","robots":{"index":"index","follow":"follow","max-snippet":"max-snippet:-1","max-image-preview":"max-image-preview:large","max-video-preview":"max-video-preview:-1"},"canonical":"https:\/\/gconsultingcompliance.com\/aviso-legal\/","og_locale":"en_US","og_type":"article","og_title":"Legal notice - GConsulting Compliance","og_description":"SINGLAR INNOVACI\u00d3N SOCIEDAD LIMITADA (en lo sucesivo SINGLAR INNOVACI\u00d3N), es titular de las marcas SINGLAR\u00ae y GECONSULTING COMPLIANCE\u00ae, de los dominios www.singlarinnovacion.com, www.gconsulting.com, de las aplicaciones y p\u00e1ginas web publicadas y alojadas bajo dichos dominios y de los elementos distintivos, dise\u00f1os, desarrollos, gr\u00e1ficos, herramientas, funcionalidades, manuales y documentaci\u00f3n que las integran. Las p\u00e1ginas web publicadas [&hellip;]","og_url":"https:\/\/gconsultingcompliance.com\/aviso-legal\/","og_site_name":"GConsulting Compliance","article_modified_time":"2025-02-19T14:57:14+00:00","twitter_card":"summary_large_image","twitter_misc":{"Est. reading time":"1 minute"},"schema":{"@context":"https:\/\/schema.org","@graph":[{"@type":"WebPage","@id":"https:\/\/gconsultingcompliance.com\/aviso-legal\/","url":"https:\/\/gconsultingcompliance.com\/aviso-legal\/","name":"Legal notice - GConsulting Compliance","isPartOf":{"@id":"https:\/\/gconsultingcompliance.com\/#website"},"datePublished":"2023-07-07T10:57:34+00:00","dateModified":"2025-02-19T14:57:14+00:00","breadcrumb":{"@id":"https:\/\/gconsultingcompliance.com\/aviso-legal\/#breadcrumb"},"inLanguage":"en-US","potentialAction":[{"@type":"ReadAction","target":["https:\/\/gconsultingcompliance.com\/aviso-legal\/"]}]},{"@type":"BreadcrumbList","@id":"https:\/\/gconsultingcompliance.com\/aviso-legal\/#breadcrumb","itemListElement":[{"@type":"ListItem","position":1,"name":"Portada","item":"https:\/\/gconsultingcompliance.com\/en\/"},{"@type":"ListItem","position":2,"name":"Legal notice"}]},{"@type":"WebSite","@id":"https:\/\/gconsultingcompliance.com\/#website","url":"https:\/\/gconsultingcompliance.com\/","name":"GConsulting Compliance","description":"Aplicaci\u00f3n de gesti\u00f3n de normativas como RGPD, ENS o ISO 27001, gestionando el Plan Director.","publisher":{"@id":"https:\/\/gconsultingcompliance.com\/#organization"},"potentialAction":[{"@type":"SearchAction","target":{"@type":"EntryPoint","urlTemplate":"https:\/\/gconsultingcompliance.com\/?s={search_term_string}"},"query-input":{"@type":"PropertyValueSpecification","valueRequired":true,"valueName":"search_term_string"}}],"inLanguage":"en-US"},{"@type":"Organization","@id":"https:\/\/gconsultingcompliance.com\/#organization","name":"Singlar Innovaci\u00f3n","url":"https:\/\/gconsultingcompliance.com\/","logo":{"@type":"ImageObject","inLanguage":"en-US","@id":"https:\/\/gconsultingcompliance.com\/#\/schema\/logo\/image\/","url":"https:\/\/gconsultingcompliance.com\/wp-content\/uploads\/2023\/07\/Vector.png","contentUrl":"https:\/\/gconsultingcompliance.com\/wp-content\/uploads\/2023\/07\/Vector.png","width":1092,"height":239,"caption":"Singlar Innovaci\u00f3n"},"image":{"@id":"https:\/\/gconsultingcompliance.com\/#\/schema\/logo\/image\/"}}]}},"_links":{"self":[{"href":"https:\/\/gconsultingcompliance.com\/en\/wp-json\/wp\/v2\/pages\/1803","targetHints":{"allow":["GET"]}}],"collection":[{"href":"https:\/\/gconsultingcompliance.com\/en\/wp-json\/wp\/v2\/pages"}],"about":[{"href":"https:\/\/gconsultingcompliance.com\/en\/wp-json\/wp\/v2\/types\/page"}],"author":[{"embeddable":true,"href":"https:\/\/gconsultingcompliance.com\/en\/wp-json\/wp\/v2\/users\/2"}],"replies":[{"embeddable":true,"href":"https:\/\/gconsultingcompliance.com\/en\/wp-json\/wp\/v2\/comments?post=1803"}],"version-history":[{"count":7,"href":"https:\/\/gconsultingcompliance.com\/en\/wp-json\/wp\/v2\/pages\/1803\/revisions"}],"predecessor-version":[{"id":1831,"href":"https:\/\/gconsultingcompliance.com\/en\/wp-json\/wp\/v2\/pages\/1803\/revisions\/1831"}],"wp:attachment":[{"href":"https:\/\/gconsultingcompliance.com\/en\/wp-json\/wp\/v2\/media?parent=1803"}],"curies":[{"name":"wp","href":"https:\/\/api.w.org\/{rel}","templated":true}]}}